{"id":612,"date":"2024-03-22T11:06:18","date_gmt":"2024-03-22T14:06:18","guid":{"rendered":"https:\/\/funfans.com.br\/?page_id=612"},"modified":"2024-07-26T17:35:49","modified_gmt":"2024-07-26T20:35:49","slug":"contato","status":"publish","type":"page","link":"https:\/\/funfans.com.br\/index.php\/contato\/","title":{"rendered":"Contato"},"content":{"rendered":"\n<p>Estamos aqui para ajudar a tornar seus eventos e festas no Rio de Janeiro inesquec\u00edveis! Se voc\u00ea tem d\u00favidas, sugest\u00f5es ou precisa de informa\u00e7\u00f5es adicionais, entre em contato conosco.<\/p>\n\n\n\n<p><strong>Para consultas gerais e informa\u00e7\u00f5es sobre nossos servi\u00e7os:<\/strong><\/p>\n\n\n\n<p>\ud83d\udce7 E-mail: <a>imprensa.funfans@gmail.com<\/a><\/p>\n\n\n\n<p>Agradecemos seu interesse na FunFans e estamos ansiosos para colaborar com voc\u00ea na cria\u00e7\u00e3o de eventos incr\u00edveis!<\/p>\n","protected":false},"excerpt":{"rendered":"<p>Estamos aqui para ajudar a tornar seus eventos e festas no Rio de Janeiro inesquec\u00edveis! Se voc\u00ea tem d\u00favidas, sugest\u00f5es<\/p>\n","protected":false},"author":1,"featured_media":0,"parent":0,"menu_order":0,"comment_status":"closed","ping_status":"closed","template":"","meta":{"colormag_page_layout":"no_sidebar_full_width","ngg_post_thumbnail":0,"footnotes":""},"class_list":["post-612","page","type-page","status-publish","hentry"],"magazineBlocksPostFeaturedMedia":{"thumbnail":false,"medium":false,"medium_large":false,"large":false,"1536x1536":false,"2048x2048":false,"colormag-highlighted-post":false,"colormag-featured-post-medium":false,"colormag-featured-post-small":false,"colormag-featured-image":false,"colormag-default-news":false,"colormag-featured-image-large":false},"magazineBlocksPostAuthor":{"name":"funfans","avatar":"https:\/\/secure.gravatar.com\/avatar\/710c48fad4d29733bc63b1f5542568aac6ee0ca14a13aea58f0f8207cdf94866?s=96&d=mm&r=g"},"magazineBlocksPostCommentsNumber":false,"magazineBlocksPostExcerpt":"Estamos aqui para ajudar a tornar seus eventos e festas no Rio de Janeiro inesquec\u00edveis! Se voc\u00ea tem d\u00favidas, sugest\u00f5es","magazineBlocksPostCategories":[],"magazineBlocksPostViewCount":0,"magazineBlocksPostReadTime":1,"_links":{"self":[{"href":"https:\/\/funfans.com.br\/index.php\/wp-json\/wp\/v2\/pages\/612","targetHints":{"allow":["GET"]}}],"collection":[{"href":"https:\/\/funfans.com.br\/index.php\/wp-json\/wp\/v2\/pages"}],"about":[{"href":"https:\/\/funfans.com.br\/index.php\/wp-json\/wp\/v2\/types\/page"}],"author":[{"embeddable":true,"href":"https:\/\/funfans.com.br\/index.php\/wp-json\/wp\/v2\/users\/1"}],"replies":[{"embeddable":true,"href":"https:\/\/funfans.com.br\/index.php\/wp-json\/wp\/v2\/comments?post=612"}],"version-history":[{"count":2,"href":"https:\/\/funfans.com.br\/index.php\/wp-json\/wp\/v2\/pages\/612\/revisions"}],"predecessor-version":[{"id":1534,"href":"https:\/\/funfans.com.br\/index.php\/wp-json\/wp\/v2\/pages\/612\/revisions\/1534"}],"wp:attachment":[{"href":"https:\/\/funfans.com.br\/index.php\/wp-json\/wp\/v2\/media?parent=612"}],"curies":[{"name":"wp","href":"https:\/\/api.w.org\/{rel}","templated":true}]}}